{"id":7947,"date":"2022-12-02T17:43:33","date_gmt":"2022-12-02T22:43:33","guid":{"rendered":"https:\/\/www.fscindigenousfoundation.org\/eligibility-criteria-for-indigenous-fellowship-program\/"},"modified":"2023-02-13T17:52:10","modified_gmt":"2023-02-13T22:52:10","slug":"eligibility-criteria-for-indigenous-fellowship-program","status":"publish","type":"page","link":"https:\/\/www.fscindigenousfoundation.org\/pt-br\/eligibility-criteria-for-indigenous-fellowship-program\/","title":{"rendered":"Crit\u00e9rios de elegibilidade para o Programa de Bolsas de Estudo para os Povos Ind\u00edgenas"},"content":{"rendered":"\n<div class=\"wp-block-columns lm-col-site-with is-layout-flex wp-container-core-columns-is-layout-9d6595d7 wp-block-columns-is-layout-flex\">\n<div class=\"wp-block-column is-layout-flow wp-block-column-is-layout-flow\" style=\"flex-basis:100%\"><h1 class=\"has-text-align-center wp-block-post-title\">Crit\u00e9rios de elegibilidade para o Programa de Bolsas de Estudo para os Povos Ind\u00edgenas<\/h1>\n\n<div class=\"wp-block-image\">\n<figure class=\"aligncenter size-full\"><img loading=\"lazy\" decoding=\"async\" width=\"1300\" height=\"811\" src=\"https:\/\/www.fscindigenousfoundation.org\/wp-content\/uploads\/2022\/12\/criterias.jpg\" alt=\"\" class=\"wp-image-7665\"\/><\/figure><\/div><\/div>\n<\/div>\n\n\n<section id=\"block_5819e0ff73f77848802195c3a845bfbd\" class=\"section generic-content \"  style=\"background-color: #ffffff;\" >\n  <div class=\"container\">\n    \n          <h2 class=\"section-header generic-content__header\">\n        O candidato \/ a candidata deve:      <\/h2>\n    \n          <div class=\"generic-content__simple\"><p>Os candidatos devem satisfazer todos os seguintes crit\u00e9rios de elegibilidade para serem considerados para a bolsa. A aprova\u00e7\u00e3o do treinamento fica a crit\u00e9rio da FSC-IF.<\/p>\n<ul>\n<li>Autoidentificar-se como Ind\u00edgena<\/li>\n<li>Ser um residente de um pa\u00eds em desenvolvimento na Am\u00e9rica Latina, \u00c1sia e \u00c1frica<\/li>\n<li>Ter experi\u00eancia em liderar\/apoiar organiza\u00e7\u00f5es de Povos Ind\u00edgenas<\/li>\n<li>Ter experi\u00eancia no desenvolvimento e implementa\u00e7\u00e3o de projetos ou iniciativas com comunidades de Povos Ind\u00edgenas<\/li>\n<li>T\u00eam demonstrado envolvimento com os direitos dos Povos Ind\u00edgenas e em \u00e1reas relacionadas ao autodesenvolvimento, autogovernan\u00e7a e autoconfian\u00e7a ind\u00edgenas<\/li>\n<li>Tenha interesse em projetos alinhados com do IPARD tr\u00eas objetivos<\/li>\n<li>Ter um bom conhecimento pr\u00e1tico do idioma falado na organiza\u00e7\u00e3o em que o programa ser\u00e1 realizado (ingl\u00eas, espanhol, franc\u00eas ou portugu\u00eas)<\/li>\n<\/ul>\n<\/div>\n    \n    \n      <\/div>\n<\/section>\n\n<section id=\"block_2ef6c40c545eed0c206cc648080317f9\" class=\"section generic-content \"  style=\"background-color: #f0eeec;\" >\n  <div class=\"container\">\n    \n          <h4 class=\"section-header generic-content__header\">\n        Outras considera\u00e7\u00f5es       <\/h4>\n    \n    \n          <div class=\"generic-content__columns\">\n        <div class=\"generic-content__column\"><p><strong>Requisitos de idioma:<\/strong> os candidatos a se candidatar ao sub-programa de jovens praticantes poderiam falar ingl\u00eas ou espanhol. Para os candidatos ao sub-programa Lideran\u00e7a e Rede, a FSC-IF colocar\u00e1 os bolsistas em pa\u00edses estrat\u00e9gicos de acordo com o idioma que eles falam (espanhol, ingl\u00eas, franc\u00eas ou portugu\u00eas), bem como outras vari\u00e1veis.\u00a0 Para o sub-programa de bolsas de capacidade Ind\u00edgena, cabe ao candidato procurar uma oportunidade que se adeque \u00e0s suas habilidades ling\u00fc\u00edsticas. Para o sub-programa de desenvolvimento de neg\u00f3cios para jovens, os candidatos poderiam falar: ingl\u00eas, espanhol, franc\u00eas ou portugu\u00eas.<\/p>\n<\/div>\n\n        <div class=\"generic-content__column\"><p><strong>Comprometa-se ap\u00f3s o t\u00e9rmino da bolsa de estudos:<\/strong><\/p>\n<ul>\n<li>compromisso de dois anos de trabalho no pa\u00eds<\/li>\n<li>participar e ser ativo em uma Rede Global de Ex-alunos Ind\u00edgenas com participa\u00e7\u00e3o peri\u00f3dica em eventos promovidos pelo IPARD, FSC-IF, e USAID<\/li>\n<li>servir como l\u00edder em iniciativas Ind\u00edgenas locais\/nacionais ou regionais e treinar outros Povos Ind\u00edgenas ap\u00f3s o retorno a seus respectivos pa\u00edses\/organiza\u00e7\u00f5es<\/li>\n<li>fornecer apoio ativo a pelo menos um dos tr\u00eas objetivos do Programa IPARD em seu pa\u00eds.<\/li>\n<\/ul>\n<\/div>\n      <\/div>\n    \n      <\/div>\n<\/section>\n\n\n<p class=\"has-text-align-center has-background\" style=\"background-color:#f0eeec\"><a href=\"https:\/\/www.fscindigenousfoundation.org\/pt-br\/indigenous-fellowship-program-of-the-fsc-indigenous-foundation\/\" target=\"_blank\" rel=\"noreferrer noopener\">Voltar \u00e0 p\u00e1gina principal<\/a><\/p>\n","protected":false},"excerpt":{"rendered":"<p>Applicants must meet all the following eligibility criteria to be considered for fellowship. Approval of training is up to the discretion of the FSC-IF.<\/p>\n","protected":false},"author":3,"featured_media":7667,"parent":0,"menu_order":0,"comment_status":"closed","ping_status":"closed","template":"","meta":{"footnotes":""},"class_list":["post-7947","page","type-page","status-publish","has-post-thumbnail","hentry"],"acf":[],"yoast_head":"<!-- This site is optimized with the Yoast SEO plugin v26.9 - https:\/\/yoast.com\/product\/yoast-seo-wordpress\/ -->\n<title>Crit\u00e9rios de elegibilidade para o Programa de Bolsas de Estudo para os Povos Ind\u00edgenas - FSC Funda\u00e7\u00e3o Ind\u00edgena<\/title>\n<meta name=\"robots\" content=\"index, follow, max-snippet:-1, max-image-preview:large, max-video-preview:-1\" \/>\n<link rel=\"canonical\" href=\"https:\/\/www.fscindigenousfoundation.org\/pt-br\/eligibility-criteria-for-indigenous-fellowship-program\/\" \/>\n<meta property=\"og:locale\" content=\"pt_BR\" \/>\n<meta property=\"og:type\" content=\"article\" \/>\n<meta property=\"og:title\" content=\"Crit\u00e9rios de elegibilidade para o Programa de Bolsas de Estudo para os Povos Ind\u00edgenas - FSC Funda\u00e7\u00e3o Ind\u00edgena\" \/>\n<meta property=\"og:description\" content=\"Applicants must meet all the following eligibility criteria to be considered for fellowship. Approval of training is up to the discretion of the FSC-IF.\" \/>\n<meta property=\"og:url\" content=\"https:\/\/www.fscindigenousfoundation.org\/pt-br\/eligibility-criteria-for-indigenous-fellowship-program\/\" \/>\n<meta property=\"og:site_name\" content=\"FSC Funda\u00e7\u00e3o Ind\u00edgena\" \/>\n<meta property=\"article:publisher\" content=\"https:\/\/www.facebook.com\/fscindigenousfoundation\" \/>\n<meta property=\"article:modified_time\" content=\"2023-02-13T22:52:10+00:00\" \/>\n<meta property=\"og:image\" content=\"http:\/\/www.fscindigenousfoundation.org\/wp-content\/uploads\/2022\/12\/criterias.jpg\" \/>\n\t<meta property=\"og:image:width\" content=\"1300\" \/>\n\t<meta property=\"og:image:height\" content=\"811\" \/>\n\t<meta property=\"og:image:type\" content=\"image\/jpeg\" \/>\n<meta name=\"twitter:card\" content=\"summary_large_image\" \/>\n<meta name=\"twitter:site\" content=\"@fsc_if\" \/>\n<meta name=\"twitter:label1\" content=\"Est. reading time\" \/>\n\t<meta name=\"twitter:data1\" content=\"1 minute\" \/>\n<script type=\"application\/ld+json\" class=\"yoast-schema-graph\">{\"@context\":\"https:\/\/schema.org\",\"@graph\":[{\"@type\":\"WebPage\",\"@id\":\"https:\/\/www.fscindigenousfoundation.org\/pt-br\/eligibility-criteria-for-indigenous-fellowship-program\/\",\"url\":\"https:\/\/www.fscindigenousfoundation.org\/pt-br\/eligibility-criteria-for-indigenous-fellowship-program\/\",\"name\":\"Crit\u00e9rios de elegibilidade para o Programa de Bolsas de Estudo para os Povos Ind\u00edgenas - FSC Funda\u00e7\u00e3o Ind\u00edgena\",\"isPartOf\":{\"@id\":\"https:\/\/www.fscindigenousfoundation.org\/pt-br\/#website\"},\"primaryImageOfPage\":{\"@id\":\"https:\/\/www.fscindigenousfoundation.org\/pt-br\/eligibility-criteria-for-indigenous-fellowship-program\/#primaryimage\"},\"image\":{\"@id\":\"https:\/\/www.fscindigenousfoundation.org\/pt-br\/eligibility-criteria-for-indigenous-fellowship-program\/#primaryimage\"},\"thumbnailUrl\":\"https:\/\/www.fscindigenousfoundation.org\/wp-content\/uploads\/2022\/12\/criterias.jpg\",\"datePublished\":\"2022-12-02T22:43:33+00:00\",\"dateModified\":\"2023-02-13T22:52:10+00:00\",\"breadcrumb\":{\"@id\":\"https:\/\/www.fscindigenousfoundation.org\/pt-br\/eligibility-criteria-for-indigenous-fellowship-program\/#breadcrumb\"},\"inLanguage\":\"pt-BR\",\"potentialAction\":[{\"@type\":\"ReadAction\",\"target\":[\"https:\/\/www.fscindigenousfoundation.org\/pt-br\/eligibility-criteria-for-indigenous-fellowship-program\/\"]}]},{\"@type\":\"ImageObject\",\"inLanguage\":\"pt-BR\",\"@id\":\"https:\/\/www.fscindigenousfoundation.org\/pt-br\/eligibility-criteria-for-indigenous-fellowship-program\/#primaryimage\",\"url\":\"https:\/\/www.fscindigenousfoundation.org\/wp-content\/uploads\/2022\/12\/criterias.jpg\",\"contentUrl\":\"https:\/\/www.fscindigenousfoundation.org\/wp-content\/uploads\/2022\/12\/criterias.jpg\",\"width\":1300,\"height\":811,\"caption\":\"FSC IF elegibility art for indigenous fellowship program\"},{\"@type\":\"BreadcrumbList\",\"@id\":\"https:\/\/www.fscindigenousfoundation.org\/pt-br\/eligibility-criteria-for-indigenous-fellowship-program\/#breadcrumb\",\"itemListElement\":[{\"@type\":\"ListItem\",\"position\":1,\"name\":\"Home\",\"item\":\"https:\/\/www.fscindigenousfoundation.org\/pt-br\/\"},{\"@type\":\"ListItem\",\"position\":2,\"name\":\"Crit\u00e9rios de elegibilidade para o Programa de Bolsas de Estudo para os Povos Ind\u00edgenas\"}]},{\"@type\":\"WebSite\",\"@id\":\"https:\/\/www.fscindigenousfoundation.org\/pt-br\/#website\",\"url\":\"https:\/\/www.fscindigenousfoundation.org\/pt-br\/\",\"name\":\"IPARD\",\"description\":\"A FSC Funda\u00e7\u00e3o Ind\u00edgena \u00e9 uma funda\u00e7\u00e3o criada para oferecer solu\u00e7\u00f5es que garantam os direitos ind\u00edgenas e protejam seus territ\u00f3rios, floresta e conhecimento ancestral.\",\"publisher\":{\"@id\":\"https:\/\/www.fscindigenousfoundation.org\/pt-br\/#organization\"},\"potentialAction\":[{\"@type\":\"SearchAction\",\"target\":{\"@type\":\"EntryPoint\",\"urlTemplate\":\"https:\/\/www.fscindigenousfoundation.org\/pt-br\/?s={search_term_string}\"},\"query-input\":{\"@type\":\"PropertyValueSpecification\",\"valueRequired\":true,\"valueName\":\"search_term_string\"}}],\"inLanguage\":\"pt-BR\"},{\"@type\":\"Organization\",\"@id\":\"https:\/\/www.fscindigenousfoundation.org\/pt-br\/#organization\",\"name\":\"FSC Indigenous Foundation\",\"url\":\"https:\/\/www.fscindigenousfoundation.org\/pt-br\/\",\"logo\":{\"@type\":\"ImageObject\",\"inLanguage\":\"pt-BR\",\"@id\":\"https:\/\/www.fscindigenousfoundation.org\/pt-br\/#\/schema\/logo\/image\/\",\"url\":\"https:\/\/www.fscindigenousfoundation.org\/wp-content\/uploads\/2021\/09\/fsc-indigenous-foundation-color.png\",\"contentUrl\":\"https:\/\/www.fscindigenousfoundation.org\/wp-content\/uploads\/2021\/09\/fsc-indigenous-foundation-color.png\",\"width\":657,\"height\":197,\"caption\":\"FSC Indigenous Foundation\"},\"image\":{\"@id\":\"https:\/\/www.fscindigenousfoundation.org\/pt-br\/#\/schema\/logo\/image\/\"},\"sameAs\":[\"https:\/\/www.facebook.com\/fscindigenousfoundation\",\"https:\/\/x.com\/fsc_if\",\"https:\/\/instagram.com\/fscindigenousfoundation\"]}]}<\/script>\n<!-- \/ Yoast SEO plugin. -->","yoast_head_json":{"title":"Crit\u00e9rios de elegibilidade para o Programa de Bolsas de Estudo para os Povos Ind\u00edgenas - FSC Funda\u00e7\u00e3o Ind\u00edgena","robots":{"index":"index","follow":"follow","max-snippet":"max-snippet:-1","max-image-preview":"max-image-preview:large","max-video-preview":"max-video-preview:-1"},"canonical":"https:\/\/www.fscindigenousfoundation.org\/pt-br\/eligibility-criteria-for-indigenous-fellowship-program\/","og_locale":"pt_BR","og_type":"article","og_title":"Crit\u00e9rios de elegibilidade para o Programa de Bolsas de Estudo para os Povos Ind\u00edgenas - FSC Funda\u00e7\u00e3o Ind\u00edgena","og_description":"Applicants must meet all the following eligibility criteria to be considered for fellowship. Approval of training is up to the discretion of the FSC-IF.","og_url":"https:\/\/www.fscindigenousfoundation.org\/pt-br\/eligibility-criteria-for-indigenous-fellowship-program\/","og_site_name":"FSC Funda\u00e7\u00e3o Ind\u00edgena","article_publisher":"https:\/\/www.facebook.com\/fscindigenousfoundation","article_modified_time":"2023-02-13T22:52:10+00:00","og_image":[{"width":1300,"height":811,"url":"http:\/\/www.fscindigenousfoundation.org\/wp-content\/uploads\/2022\/12\/criterias.jpg","type":"image\/jpeg"}],"twitter_card":"summary_large_image","twitter_site":"@fsc_if","twitter_misc":{"Est. reading time":"1 minute"},"schema":{"@context":"https:\/\/schema.org","@graph":[{"@type":"WebPage","@id":"https:\/\/www.fscindigenousfoundation.org\/pt-br\/eligibility-criteria-for-indigenous-fellowship-program\/","url":"https:\/\/www.fscindigenousfoundation.org\/pt-br\/eligibility-criteria-for-indigenous-fellowship-program\/","name":"Crit\u00e9rios de elegibilidade para o Programa de Bolsas de Estudo para os Povos Ind\u00edgenas - FSC Funda\u00e7\u00e3o Ind\u00edgena","isPartOf":{"@id":"https:\/\/www.fscindigenousfoundation.org\/pt-br\/#website"},"primaryImageOfPage":{"@id":"https:\/\/www.fscindigenousfoundation.org\/pt-br\/eligibility-criteria-for-indigenous-fellowship-program\/#primaryimage"},"image":{"@id":"https:\/\/www.fscindigenousfoundation.org\/pt-br\/eligibility-criteria-for-indigenous-fellowship-program\/#primaryimage"},"thumbnailUrl":"https:\/\/www.fscindigenousfoundation.org\/wp-content\/uploads\/2022\/12\/criterias.jpg","datePublished":"2022-12-02T22:43:33+00:00","dateModified":"2023-02-13T22:52:10+00:00","breadcrumb":{"@id":"https:\/\/www.fscindigenousfoundation.org\/pt-br\/eligibility-criteria-for-indigenous-fellowship-program\/#breadcrumb"},"inLanguage":"pt-BR","potentialAction":[{"@type":"ReadAction","target":["https:\/\/www.fscindigenousfoundation.org\/pt-br\/eligibility-criteria-for-indigenous-fellowship-program\/"]}]},{"@type":"ImageObject","inLanguage":"pt-BR","@id":"https:\/\/www.fscindigenousfoundation.org\/pt-br\/eligibility-criteria-for-indigenous-fellowship-program\/#primaryimage","url":"https:\/\/www.fscindigenousfoundation.org\/wp-content\/uploads\/2022\/12\/criterias.jpg","contentUrl":"https:\/\/www.fscindigenousfoundation.org\/wp-content\/uploads\/2022\/12\/criterias.jpg","width":1300,"height":811,"caption":"FSC IF elegibility art for indigenous fellowship program"},{"@type":"BreadcrumbList","@id":"https:\/\/www.fscindigenousfoundation.org\/pt-br\/eligibility-criteria-for-indigenous-fellowship-program\/#breadcrumb","itemListElement":[{"@type":"ListItem","position":1,"name":"Home","item":"https:\/\/www.fscindigenousfoundation.org\/pt-br\/"},{"@type":"ListItem","position":2,"name":"Crit\u00e9rios de elegibilidade para o Programa de Bolsas de Estudo para os Povos Ind\u00edgenas"}]},{"@type":"WebSite","@id":"https:\/\/www.fscindigenousfoundation.org\/pt-br\/#website","url":"https:\/\/www.fscindigenousfoundation.org\/pt-br\/","name":"IPARD","description":"A FSC Funda\u00e7\u00e3o Ind\u00edgena \u00e9 uma funda\u00e7\u00e3o criada para oferecer solu\u00e7\u00f5es que garantam os direitos ind\u00edgenas e protejam seus territ\u00f3rios, floresta e conhecimento ancestral.","publisher":{"@id":"https:\/\/www.fscindigenousfoundation.org\/pt-br\/#organization"},"potentialAction":[{"@type":"SearchAction","target":{"@type":"EntryPoint","urlTemplate":"https:\/\/www.fscindigenousfoundation.org\/pt-br\/?s={search_term_string}"},"query-input":{"@type":"PropertyValueSpecification","valueRequired":true,"valueName":"search_term_string"}}],"inLanguage":"pt-BR"},{"@type":"Organization","@id":"https:\/\/www.fscindigenousfoundation.org\/pt-br\/#organization","name":"FSC Indigenous Foundation","url":"https:\/\/www.fscindigenousfoundation.org\/pt-br\/","logo":{"@type":"ImageObject","inLanguage":"pt-BR","@id":"https:\/\/www.fscindigenousfoundation.org\/pt-br\/#\/schema\/logo\/image\/","url":"https:\/\/www.fscindigenousfoundation.org\/wp-content\/uploads\/2021\/09\/fsc-indigenous-foundation-color.png","contentUrl":"https:\/\/www.fscindigenousfoundation.org\/wp-content\/uploads\/2021\/09\/fsc-indigenous-foundation-color.png","width":657,"height":197,"caption":"FSC Indigenous Foundation"},"image":{"@id":"https:\/\/www.fscindigenousfoundation.org\/pt-br\/#\/schema\/logo\/image\/"},"sameAs":["https:\/\/www.facebook.com\/fscindigenousfoundation","https:\/\/x.com\/fsc_if","https:\/\/instagram.com\/fscindigenousfoundation"]}]}},"_links":{"self":[{"href":"https:\/\/www.fscindigenousfoundation.org\/pt-br\/wp-json\/wp\/v2\/pages\/7947","targetHints":{"allow":["GET"]}}],"collection":[{"href":"https:\/\/www.fscindigenousfoundation.org\/pt-br\/wp-json\/wp\/v2\/pages"}],"about":[{"href":"https:\/\/www.fscindigenousfoundation.org\/pt-br\/wp-json\/wp\/v2\/types\/page"}],"author":[{"embeddable":true,"href":"https:\/\/www.fscindigenousfoundation.org\/pt-br\/wp-json\/wp\/v2\/users\/3"}],"replies":[{"embeddable":true,"href":"https:\/\/www.fscindigenousfoundation.org\/pt-br\/wp-json\/wp\/v2\/comments?post=7947"}],"version-history":[{"count":6,"href":"https:\/\/www.fscindigenousfoundation.org\/pt-br\/wp-json\/wp\/v2\/pages\/7947\/revisions"}],"predecessor-version":[{"id":8583,"href":"https:\/\/www.fscindigenousfoundation.org\/pt-br\/wp-json\/wp\/v2\/pages\/7947\/revisions\/8583"}],"wp:featuredmedia":[{"embeddable":true,"href":"https:\/\/www.fscindigenousfoundation.org\/pt-br\/wp-json\/wp\/v2\/media\/7667"}],"wp:attachment":[{"href":"https:\/\/www.fscindigenousfoundation.org\/pt-br\/wp-json\/wp\/v2\/media?parent=7947"}],"curies":[{"name":"wp","href":"https:\/\/api.w.org\/{rel}","templated":true}]}}