{"id":19257,"date":"2026-04-24T14:12:27","date_gmt":"2026-04-24T18:12:27","guid":{"rendered":"https:\/\/www.fscindigenousfoundation.org\/?page_id=19257"},"modified":"2026-04-24T20:26:55","modified_gmt":"2026-04-25T00:26:55","slug":"projetos","status":"publish","type":"page","link":"https:\/\/www.fscindigenousfoundation.org\/pt-br\/projetos\/","title":{"rendered":"Projetos"},"content":{"rendered":"","protected":true},"excerpt":{"rendered":"","protected":true},"author":3,"featured_media":0,"parent":0,"menu_order":0,"comment_status":"closed","ping_status":"closed","template":"","meta":{"footnotes":""},"class_list":["post-19257","page","type-page","status-publish","post-password-required","hentry"],"acf":[],"yoast_head":"<!-- This site is optimized with the Yoast SEO plugin v26.9 - https:\/\/yoast.com\/product\/yoast-seo-wordpress\/ -->\n<title>Projetos - FSC Funda\u00e7\u00e3o Ind\u00edgena<\/title>\n<meta name=\"robots\" content=\"index, follow, max-snippet:-1, max-image-preview:large, max-video-preview:-1\" \/>\n<link rel=\"canonical\" href=\"https:\/\/www.fscindigenousfoundation.org\/pt-br\/projetos\/\" \/>\n<meta property=\"og:locale\" content=\"pt_BR\" \/>\n<meta property=\"og:type\" content=\"article\" \/>\n<meta property=\"og:title\" content=\"Projetos - FSC Funda\u00e7\u00e3o Ind\u00edgena\" \/>\n<meta property=\"og:description\" content=\"There is no excerpt because this is a protected post.\" \/>\n<meta property=\"og:url\" content=\"https:\/\/www.fscindigenousfoundation.org\/pt-br\/projetos\/\" \/>\n<meta property=\"og:site_name\" content=\"FSC Funda\u00e7\u00e3o Ind\u00edgena\" \/>\n<meta property=\"article:publisher\" content=\"https:\/\/www.facebook.com\/fscindigenousfoundation\" \/>\n<meta property=\"article:modified_time\" content=\"2026-04-25T00:26:55+00:00\" \/>\n<meta name=\"twitter:card\" content=\"summary_large_image\" \/>\n<meta name=\"twitter:site\" content=\"@fsc_if\" \/>\n<meta name=\"twitter:label1\" content=\"Est. reading time\" \/>\n\t<meta name=\"twitter:data1\" content=\"1 minute\" \/>\n<script type=\"application\/ld+json\" class=\"yoast-schema-graph\">{\"@context\":\"https:\/\/schema.org\",\"@graph\":[{\"@type\":\"WebPage\",\"@id\":\"https:\/\/www.fscindigenousfoundation.org\/pt-br\/projetos\/\",\"url\":\"https:\/\/www.fscindigenousfoundation.org\/pt-br\/projetos\/\",\"name\":\"Projetos - FSC Funda\u00e7\u00e3o Ind\u00edgena\",\"isPartOf\":{\"@id\":\"https:\/\/www.fscindigenousfoundation.org\/pt-br\/#website\"},\"datePublished\":\"2026-04-24T18:12:27+00:00\",\"dateModified\":\"2026-04-25T00:26:55+00:00\",\"breadcrumb\":{\"@id\":\"https:\/\/www.fscindigenousfoundation.org\/pt-br\/projetos\/#breadcrumb\"},\"inLanguage\":\"pt-BR\"},{\"@type\":\"WebSite\",\"@id\":\"https:\/\/www.fscindigenousfoundation.org\/pt-br\/#website\",\"url\":\"https:\/\/www.fscindigenousfoundation.org\/pt-br\/\",\"name\":\"IPARD\",\"description\":\"A FSC Funda\u00e7\u00e3o Ind\u00edgena \u00e9 uma funda\u00e7\u00e3o criada para oferecer solu\u00e7\u00f5es que garantam os direitos ind\u00edgenas e protejam seus territ\u00f3rios, floresta e conhecimento ancestral.\",\"publisher\":{\"@id\":\"https:\/\/www.fscindigenousfoundation.org\/pt-br\/#organization\"},\"potentialAction\":[{\"@type\":\"SearchAction\",\"target\":{\"@type\":\"EntryPoint\",\"urlTemplate\":\"https:\/\/www.fscindigenousfoundation.org\/pt-br\/?s={search_term_string}\"},\"query-input\":{\"@type\":\"PropertyValueSpecification\",\"valueRequired\":true,\"valueName\":\"search_term_string\"}}],\"inLanguage\":\"pt-BR\"},{\"@type\":\"Organization\",\"@id\":\"https:\/\/www.fscindigenousfoundation.org\/pt-br\/#organization\",\"name\":\"FSC Indigenous Foundation\",\"url\":\"https:\/\/www.fscindigenousfoundation.org\/pt-br\/\",\"logo\":{\"@type\":\"ImageObject\",\"inLanguage\":\"pt-BR\",\"@id\":\"https:\/\/www.fscindigenousfoundation.org\/pt-br\/#\/schema\/logo\/image\/\",\"url\":\"https:\/\/www.fscindigenousfoundation.org\/wp-content\/uploads\/2021\/09\/fsc-indigenous-foundation-color.png\",\"contentUrl\":\"https:\/\/www.fscindigenousfoundation.org\/wp-content\/uploads\/2021\/09\/fsc-indigenous-foundation-color.png\",\"width\":657,\"height\":197,\"caption\":\"FSC Indigenous Foundation\"},\"image\":{\"@id\":\"https:\/\/www.fscindigenousfoundation.org\/pt-br\/#\/schema\/logo\/image\/\"},\"sameAs\":[\"https:\/\/www.facebook.com\/fscindigenousfoundation\",\"https:\/\/x.com\/fsc_if\",\"https:\/\/instagram.com\/fscindigenousfoundation\"]}]}<\/script>\n<!-- \/ Yoast SEO plugin. -->","yoast_head_json":{"title":"Projetos - FSC Funda\u00e7\u00e3o Ind\u00edgena","robots":{"index":"index","follow":"follow","max-snippet":"max-snippet:-1","max-image-preview":"max-image-preview:large","max-video-preview":"max-video-preview:-1"},"canonical":"https:\/\/www.fscindigenousfoundation.org\/pt-br\/projetos\/","og_locale":"pt_BR","og_type":"article","og_title":"Projetos - FSC Funda\u00e7\u00e3o Ind\u00edgena","og_description":"There is no excerpt because this is a protected post.","og_url":"https:\/\/www.fscindigenousfoundation.org\/pt-br\/projetos\/","og_site_name":"FSC Funda\u00e7\u00e3o Ind\u00edgena","article_publisher":"https:\/\/www.facebook.com\/fscindigenousfoundation","article_modified_time":"2026-04-25T00:26:55+00:00","twitter_card":"summary_large_image","twitter_site":"@fsc_if","twitter_misc":{"Est. reading time":"1 minute"},"schema":{"@context":"https:\/\/schema.org","@graph":[{"@type":"WebPage","@id":"https:\/\/www.fscindigenousfoundation.org\/pt-br\/projetos\/","url":"https:\/\/www.fscindigenousfoundation.org\/pt-br\/projetos\/","name":"Projetos - FSC Funda\u00e7\u00e3o Ind\u00edgena","isPartOf":{"@id":"https:\/\/www.fscindigenousfoundation.org\/pt-br\/#website"},"datePublished":"2026-04-24T18:12:27+00:00","dateModified":"2026-04-25T00:26:55+00:00","breadcrumb":{"@id":"https:\/\/www.fscindigenousfoundation.org\/pt-br\/projetos\/#breadcrumb"},"inLanguage":"pt-BR"},{"@type":"WebSite","@id":"https:\/\/www.fscindigenousfoundation.org\/pt-br\/#website","url":"https:\/\/www.fscindigenousfoundation.org\/pt-br\/","name":"IPARD","description":"A FSC Funda\u00e7\u00e3o Ind\u00edgena \u00e9 uma funda\u00e7\u00e3o criada para oferecer solu\u00e7\u00f5es que garantam os direitos ind\u00edgenas e protejam seus territ\u00f3rios, floresta e conhecimento ancestral.","publisher":{"@id":"https:\/\/www.fscindigenousfoundation.org\/pt-br\/#organization"},"potentialAction":[{"@type":"SearchAction","target":{"@type":"EntryPoint","urlTemplate":"https:\/\/www.fscindigenousfoundation.org\/pt-br\/?s={search_term_string}"},"query-input":{"@type":"PropertyValueSpecification","valueRequired":true,"valueName":"search_term_string"}}],"inLanguage":"pt-BR"},{"@type":"Organization","@id":"https:\/\/www.fscindigenousfoundation.org\/pt-br\/#organization","name":"FSC Indigenous Foundation","url":"https:\/\/www.fscindigenousfoundation.org\/pt-br\/","logo":{"@type":"ImageObject","inLanguage":"pt-BR","@id":"https:\/\/www.fscindigenousfoundation.org\/pt-br\/#\/schema\/logo\/image\/","url":"https:\/\/www.fscindigenousfoundation.org\/wp-content\/uploads\/2021\/09\/fsc-indigenous-foundation-color.png","contentUrl":"https:\/\/www.fscindigenousfoundation.org\/wp-content\/uploads\/2021\/09\/fsc-indigenous-foundation-color.png","width":657,"height":197,"caption":"FSC Indigenous Foundation"},"image":{"@id":"https:\/\/www.fscindigenousfoundation.org\/pt-br\/#\/schema\/logo\/image\/"},"sameAs":["https:\/\/www.facebook.com\/fscindigenousfoundation","https:\/\/x.com\/fsc_if","https:\/\/instagram.com\/fscindigenousfoundation"]}]}},"_links":{"self":[{"href":"https:\/\/www.fscindigenousfoundation.org\/pt-br\/wp-json\/wp\/v2\/pages\/19257","targetHints":{"allow":["GET"]}}],"collection":[{"href":"https:\/\/www.fscindigenousfoundation.org\/pt-br\/wp-json\/wp\/v2\/pages"}],"about":[{"href":"https:\/\/www.fscindigenousfoundation.org\/pt-br\/wp-json\/wp\/v2\/types\/page"}],"author":[{"embeddable":true,"href":"https:\/\/www.fscindigenousfoundation.org\/pt-br\/wp-json\/wp\/v2\/users\/3"}],"replies":[{"embeddable":true,"href":"https:\/\/www.fscindigenousfoundation.org\/pt-br\/wp-json\/wp\/v2\/comments?post=19257"}],"version-history":[{"count":7,"href":"https:\/\/www.fscindigenousfoundation.org\/pt-br\/wp-json\/wp\/v2\/pages\/19257\/revisions"}],"predecessor-version":[{"id":20133,"href":"https:\/\/www.fscindigenousfoundation.org\/pt-br\/wp-json\/wp\/v2\/pages\/19257\/revisions\/20133"}],"wp:attachment":[{"href":"https:\/\/www.fscindigenousfoundation.org\/pt-br\/wp-json\/wp\/v2\/media?parent=19257"}],"curies":[{"name":"wp","href":"https:\/\/api.w.org\/{rel}","templated":true}]}}