{"id":7946,"date":"2022-12-02T17:43:33","date_gmt":"2022-12-02T22:43:33","guid":{"rendered":"https:\/\/www.fscindigenousfoundation.org\/eligibility-criteria-for-indigenous-fellowship-program\/"},"modified":"2023-02-13T16:07:18","modified_gmt":"2023-02-13T21:07:18","slug":"eligibility-criteria-for-indigenous-fellowship-program","status":"publish","type":"page","link":"https:\/\/www.fscindigenousfoundation.org\/fr\/eligibility-criteria-for-indigenous-fellowship-program\/","title":{"rendered":"Crit\u00e8res d&#8217;admissibilit\u00e9 au Programme de Bourses pour les Autochtones"},"content":{"rendered":"\n<div class=\"wp-block-columns lm-col-site-with is-layout-flex wp-container-core-columns-is-layout-9d6595d7 wp-block-columns-is-layout-flex\">\n<div class=\"wp-block-column is-layout-flow wp-block-column-is-layout-flow\" style=\"flex-basis:100%\"><h1 class=\"has-text-align-center wp-block-post-title\">Crit\u00e8res d&#8217;admissibilit\u00e9 au Programme de Bourses pour les Autochtones<\/h1>\n\n<div class=\"wp-block-image\">\n<figure class=\"aligncenter size-full\"><img loading=\"lazy\" decoding=\"async\" width=\"1300\" height=\"811\" src=\"https:\/\/www.fscindigenousfoundation.org\/wp-content\/uploads\/2022\/12\/criterias.jpg\" alt=\"\" class=\"wp-image-7665\"\/><\/figure><\/div><\/div>\n<\/div>\n\n\n<section id=\"block_afa7edd376cb4438fe31af455c0bfa4b\" class=\"section generic-content \"  style=\"background-color: #ffffff;\" >\n  <div class=\"container\">\n    \n          <h2 class=\"section-header generic-content__header\">\n        Le\/la candidat(e) doit:      <\/h2>\n    \n          <div class=\"generic-content__simple\"><p>Les candidats doivent r\u00e9pondre \u00e0 tous les crit\u00e8res d&#8217;admissibilit\u00e9 suivants pour \u00eatre pris en consid\u00e9ration pour la bourse. L&#8217;approbation est \u00e0 la discr\u00e9tion de la FSC-IF.<\/p>\n<ul>\n<li>S&#8217;identifier comme une personne Autochtone<\/li>\n<li>R\u00e9sider dans un pays en d\u00e9veloppement d&#8217;Am\u00e9rique latine, d&#8217;Asie ou d&#8217;Afrique.<\/li>\n<li>Avoir une exp\u00e9rience de direction ou soutien d&#8217;Organisations de Peuples Autochtones.<\/li>\n<li>Avoir une exp\u00e9rience de l&#8217;\u00e9laboration et de la mise en \u0153uvre de projets ou d&#8217;initiatives avec des communaut\u00e9s de Peuples Autochtones.<\/li>\n<li>Avoir d\u00e9montr\u00e9 son engagement en faveur des droits des Peuples Autochtones et dans des domaines li\u00e9s \u00e0 l&#8217;autod\u00e9veloppement, \u00e0 l&#8217;autogouvernance et \u00e0 l&#8217;autonomie des Autochtones.<\/li>\n<li>Avoir un int\u00e9r\u00eat pour les projets en phase avec les trois objectifs d&#8217;IPARD<\/li>\n<li>Avoir une bonne connaissance pratique de la langue parl\u00e9e dans l&#8217;organisation dans laquelle le programme se d\u00e9roulera (anglais, espagnol, fran\u00e7ais ou portugais).<\/li>\n<\/ul>\n<\/div>\n    \n    \n      <\/div>\n<\/section>\n\n<section id=\"block_ee8b686acfd2cba63e1077fe8f97b3bb\" class=\"section generic-content \"  style=\"background-color: #f0eeec;\" >\n  <div class=\"container\">\n    \n          <h4 class=\"section-header generic-content__header\">\n        Autres consid\u00e9rations      <\/h4>\n    \n    \n          <div class=\"generic-content__columns\">\n        <div class=\"generic-content__column\"><p><strong>Exigences linguistiques<\/strong> : les candidats au sous-programme des Jeunes Praticiens peuvent parler anglais ou espagnol.\u00a0 Pour les candidats postulant au sous-programme Leadership et R\u00e9seautage, la FSC-IF placera les boursiers dans des pays strat\u00e9giques en fonction de la langue qu&#8217;ils parlent (espagnol, anglais, fran\u00e7ais ou portugais) ainsi que d&#8217;autres variables.\u00a0 Pour le sous-programme de Bourses de Capacit\u00e9 Autochtone, c&#8217;est au candidat de chercher une opportunit\u00e9 qui correspond \u00e0 ses capacit\u00e9s linguistiques. Pour le sous-programme de Bourse de D\u00e9veloppement Entrepreneurial, les candidats peuvent parler : anglais, espagnol, fran\u00e7ais ou portugais.<\/p>\n<\/div>\n\n        <div class=\"generic-content__column\"><p><strong>S&#8217;engager apr\u00e8s la fin du Programme de Bourses \u00e0 :\u00a0<\/strong><\/p>\n<ul>\n<li>un engagement de deux ans pour travailler dans leur pays<\/li>\n<li>participer et \u00eatre actif dans un r\u00e9seau mondial d&#8217;anciens \u00e9l\u00e8ves Autochtones en participant p\u00e9riodiquement \u00e0 des \u00e9v\u00e9nements promus par l&#8217;IPARD, le FSC-IF et l&#8217;USAID.<\/li>\n<li>jouer un r\u00f4le de premier plan dans les initiatives Autochtones locales\/nationales ou r\u00e9gionales et former d&#8217;autres Autochtones apr\u00e8s leur retour dans leurs pays\/organisations respectifs.<\/li>\n<li>apporter un soutien actif \u00e0 au moins un des trois objectifs du programme IPARD dans son pays.<\/li>\n<\/ul>\n<\/div>\n      <\/div>\n    \n      <\/div>\n<\/section>\n\n\n<p class=\"has-text-align-center has-background\" style=\"background-color:#f0eeec\"><a href=\"https:\/\/www.fscindigenousfoundation.org\/fr\/indigenous-fellowship-program-of-the-fsc-indigenous-foundation\/\" target=\"_blank\" rel=\"noreferrer noopener\">Retour \u00e0 la page principale<\/a><\/p>\n","protected":false},"excerpt":{"rendered":"<p>Applicants must meet all the following eligibility criteria to be considered for fellowship. Approval of training is up to the discretion of the FSC-IF.<\/p>\n","protected":false},"author":3,"featured_media":7666,"parent":0,"menu_order":0,"comment_status":"closed","ping_status":"closed","template":"","meta":{"footnotes":""},"class_list":["post-7946","page","type-page","status-publish","has-post-thumbnail","hentry"],"acf":[],"yoast_head":"<!-- This site is optimized with the Yoast SEO plugin v26.9 - https:\/\/yoast.com\/product\/yoast-seo-wordpress\/ -->\n<title>Crit\u00e8res d&#039;admissibilit\u00e9 au Programme de Bourses pour les Autochtones - Fondation Indig\u00e8ne FSC<\/title>\n<meta name=\"robots\" content=\"index, follow, max-snippet:-1, max-image-preview:large, max-video-preview:-1\" \/>\n<link rel=\"canonical\" href=\"https:\/\/www.fscindigenousfoundation.org\/fr\/eligibility-criteria-for-indigenous-fellowship-program\/\" \/>\n<meta property=\"og:locale\" content=\"fr_FR\" \/>\n<meta property=\"og:type\" content=\"article\" \/>\n<meta property=\"og:title\" content=\"Crit\u00e8res d&#039;admissibilit\u00e9 au Programme de Bourses pour les Autochtones - Fondation Indig\u00e8ne FSC\" \/>\n<meta property=\"og:description\" content=\"Applicants must meet all the following eligibility criteria to be considered for fellowship. Approval of training is up to the discretion of the FSC-IF.\" \/>\n<meta property=\"og:url\" content=\"https:\/\/www.fscindigenousfoundation.org\/fr\/eligibility-criteria-for-indigenous-fellowship-program\/\" \/>\n<meta property=\"og:site_name\" content=\"Fondation Indig\u00e8ne FSC\" \/>\n<meta property=\"article:publisher\" content=\"https:\/\/www.facebook.com\/fscindigenousfoundation\" \/>\n<meta property=\"article:modified_time\" content=\"2023-02-13T21:07:18+00:00\" \/>\n<meta property=\"og:image\" content=\"http:\/\/www.fscindigenousfoundation.org\/wp-content\/uploads\/2022\/12\/criterias.jpg\" \/>\n\t<meta property=\"og:image:width\" content=\"1300\" \/>\n\t<meta property=\"og:image:height\" content=\"811\" \/>\n\t<meta property=\"og:image:type\" content=\"image\/jpeg\" \/>\n<meta name=\"twitter:card\" content=\"summary_large_image\" \/>\n<meta name=\"twitter:site\" content=\"@fsc_if\" \/>\n<meta name=\"twitter:label1\" content=\"Est. reading time\" \/>\n\t<meta name=\"twitter:data1\" content=\"1 minute\" \/>\n<script type=\"application\/ld+json\" class=\"yoast-schema-graph\">{\"@context\":\"https:\/\/schema.org\",\"@graph\":[{\"@type\":\"WebPage\",\"@id\":\"https:\/\/www.fscindigenousfoundation.org\/fr\/eligibility-criteria-for-indigenous-fellowship-program\/\",\"url\":\"https:\/\/www.fscindigenousfoundation.org\/fr\/eligibility-criteria-for-indigenous-fellowship-program\/\",\"name\":\"Crit\u00e8res d'admissibilit\u00e9 au Programme de Bourses pour les Autochtones - Fondation Indig\u00e8ne FSC\",\"isPartOf\":{\"@id\":\"https:\/\/www.fscindigenousfoundation.org\/fr\/#website\"},\"primaryImageOfPage\":{\"@id\":\"https:\/\/www.fscindigenousfoundation.org\/fr\/eligibility-criteria-for-indigenous-fellowship-program\/#primaryimage\"},\"image\":{\"@id\":\"https:\/\/www.fscindigenousfoundation.org\/fr\/eligibility-criteria-for-indigenous-fellowship-program\/#primaryimage\"},\"thumbnailUrl\":\"https:\/\/www.fscindigenousfoundation.org\/wp-content\/uploads\/2022\/12\/criterias.jpg\",\"datePublished\":\"2022-12-02T22:43:33+00:00\",\"dateModified\":\"2023-02-13T21:07:18+00:00\",\"breadcrumb\":{\"@id\":\"https:\/\/www.fscindigenousfoundation.org\/fr\/eligibility-criteria-for-indigenous-fellowship-program\/#breadcrumb\"},\"inLanguage\":\"fr-FR\",\"potentialAction\":[{\"@type\":\"ReadAction\",\"target\":[\"https:\/\/www.fscindigenousfoundation.org\/fr\/eligibility-criteria-for-indigenous-fellowship-program\/\"]}]},{\"@type\":\"ImageObject\",\"inLanguage\":\"fr-FR\",\"@id\":\"https:\/\/www.fscindigenousfoundation.org\/fr\/eligibility-criteria-for-indigenous-fellowship-program\/#primaryimage\",\"url\":\"https:\/\/www.fscindigenousfoundation.org\/wp-content\/uploads\/2022\/12\/criterias.jpg\",\"contentUrl\":\"https:\/\/www.fscindigenousfoundation.org\/wp-content\/uploads\/2022\/12\/criterias.jpg\",\"width\":1300,\"height\":811,\"caption\":\"FSC IF elegibility art for indigenous fellowship program\"},{\"@type\":\"BreadcrumbList\",\"@id\":\"https:\/\/www.fscindigenousfoundation.org\/fr\/eligibility-criteria-for-indigenous-fellowship-program\/#breadcrumb\",\"itemListElement\":[{\"@type\":\"ListItem\",\"position\":1,\"name\":\"Home\",\"item\":\"https:\/\/www.fscindigenousfoundation.org\/fr\/\"},{\"@type\":\"ListItem\",\"position\":2,\"name\":\"Crit\u00e8res d&#8217;admissibilit\u00e9 au Programme de Bourses pour les Autochtones\"}]},{\"@type\":\"WebSite\",\"@id\":\"https:\/\/www.fscindigenousfoundation.org\/fr\/#website\",\"url\":\"https:\/\/www.fscindigenousfoundation.org\/fr\/\",\"name\":\"IPARD\",\"description\":\"La Fondation Indig\u00e8ne FSC est une fondation cr\u00e9\u00e9e pour apporter des solutions qui garantissent les droits des Autochtones et prot\u00e8gent leur territoire, leurs for\u00eats et leurs connaissances ancestrales.\",\"publisher\":{\"@id\":\"https:\/\/www.fscindigenousfoundation.org\/fr\/#organization\"},\"potentialAction\":[{\"@type\":\"SearchAction\",\"target\":{\"@type\":\"EntryPoint\",\"urlTemplate\":\"https:\/\/www.fscindigenousfoundation.org\/fr\/?s={search_term_string}\"},\"query-input\":{\"@type\":\"PropertyValueSpecification\",\"valueRequired\":true,\"valueName\":\"search_term_string\"}}],\"inLanguage\":\"fr-FR\"},{\"@type\":\"Organization\",\"@id\":\"https:\/\/www.fscindigenousfoundation.org\/fr\/#organization\",\"name\":\"FSC Indigenous Foundation\",\"url\":\"https:\/\/www.fscindigenousfoundation.org\/fr\/\",\"logo\":{\"@type\":\"ImageObject\",\"inLanguage\":\"fr-FR\",\"@id\":\"https:\/\/www.fscindigenousfoundation.org\/fr\/#\/schema\/logo\/image\/\",\"url\":\"https:\/\/www.fscindigenousfoundation.org\/wp-content\/uploads\/2021\/09\/fsc-indigenous-foundation-color.png\",\"contentUrl\":\"https:\/\/www.fscindigenousfoundation.org\/wp-content\/uploads\/2021\/09\/fsc-indigenous-foundation-color.png\",\"width\":657,\"height\":197,\"caption\":\"FSC Indigenous Foundation\"},\"image\":{\"@id\":\"https:\/\/www.fscindigenousfoundation.org\/fr\/#\/schema\/logo\/image\/\"},\"sameAs\":[\"https:\/\/www.facebook.com\/fscindigenousfoundation\",\"https:\/\/x.com\/fsc_if\",\"https:\/\/instagram.com\/fscindigenousfoundation\"]}]}<\/script>\n<!-- \/ Yoast SEO plugin. -->","yoast_head_json":{"title":"Crit\u00e8res d'admissibilit\u00e9 au Programme de Bourses pour les Autochtones - Fondation Indig\u00e8ne FSC","robots":{"index":"index","follow":"follow","max-snippet":"max-snippet:-1","max-image-preview":"max-image-preview:large","max-video-preview":"max-video-preview:-1"},"canonical":"https:\/\/www.fscindigenousfoundation.org\/fr\/eligibility-criteria-for-indigenous-fellowship-program\/","og_locale":"fr_FR","og_type":"article","og_title":"Crit\u00e8res d'admissibilit\u00e9 au Programme de Bourses pour les Autochtones - Fondation Indig\u00e8ne FSC","og_description":"Applicants must meet all the following eligibility criteria to be considered for fellowship. Approval of training is up to the discretion of the FSC-IF.","og_url":"https:\/\/www.fscindigenousfoundation.org\/fr\/eligibility-criteria-for-indigenous-fellowship-program\/","og_site_name":"Fondation Indig\u00e8ne FSC","article_publisher":"https:\/\/www.facebook.com\/fscindigenousfoundation","article_modified_time":"2023-02-13T21:07:18+00:00","og_image":[{"width":1300,"height":811,"url":"http:\/\/www.fscindigenousfoundation.org\/wp-content\/uploads\/2022\/12\/criterias.jpg","type":"image\/jpeg"}],"twitter_card":"summary_large_image","twitter_site":"@fsc_if","twitter_misc":{"Est. reading time":"1 minute"},"schema":{"@context":"https:\/\/schema.org","@graph":[{"@type":"WebPage","@id":"https:\/\/www.fscindigenousfoundation.org\/fr\/eligibility-criteria-for-indigenous-fellowship-program\/","url":"https:\/\/www.fscindigenousfoundation.org\/fr\/eligibility-criteria-for-indigenous-fellowship-program\/","name":"Crit\u00e8res d'admissibilit\u00e9 au Programme de Bourses pour les Autochtones - Fondation Indig\u00e8ne FSC","isPartOf":{"@id":"https:\/\/www.fscindigenousfoundation.org\/fr\/#website"},"primaryImageOfPage":{"@id":"https:\/\/www.fscindigenousfoundation.org\/fr\/eligibility-criteria-for-indigenous-fellowship-program\/#primaryimage"},"image":{"@id":"https:\/\/www.fscindigenousfoundation.org\/fr\/eligibility-criteria-for-indigenous-fellowship-program\/#primaryimage"},"thumbnailUrl":"https:\/\/www.fscindigenousfoundation.org\/wp-content\/uploads\/2022\/12\/criterias.jpg","datePublished":"2022-12-02T22:43:33+00:00","dateModified":"2023-02-13T21:07:18+00:00","breadcrumb":{"@id":"https:\/\/www.fscindigenousfoundation.org\/fr\/eligibility-criteria-for-indigenous-fellowship-program\/#breadcrumb"},"inLanguage":"fr-FR","potentialAction":[{"@type":"ReadAction","target":["https:\/\/www.fscindigenousfoundation.org\/fr\/eligibility-criteria-for-indigenous-fellowship-program\/"]}]},{"@type":"ImageObject","inLanguage":"fr-FR","@id":"https:\/\/www.fscindigenousfoundation.org\/fr\/eligibility-criteria-for-indigenous-fellowship-program\/#primaryimage","url":"https:\/\/www.fscindigenousfoundation.org\/wp-content\/uploads\/2022\/12\/criterias.jpg","contentUrl":"https:\/\/www.fscindigenousfoundation.org\/wp-content\/uploads\/2022\/12\/criterias.jpg","width":1300,"height":811,"caption":"FSC IF elegibility art for indigenous fellowship program"},{"@type":"BreadcrumbList","@id":"https:\/\/www.fscindigenousfoundation.org\/fr\/eligibility-criteria-for-indigenous-fellowship-program\/#breadcrumb","itemListElement":[{"@type":"ListItem","position":1,"name":"Home","item":"https:\/\/www.fscindigenousfoundation.org\/fr\/"},{"@type":"ListItem","position":2,"name":"Crit\u00e8res d&#8217;admissibilit\u00e9 au Programme de Bourses pour les Autochtones"}]},{"@type":"WebSite","@id":"https:\/\/www.fscindigenousfoundation.org\/fr\/#website","url":"https:\/\/www.fscindigenousfoundation.org\/fr\/","name":"IPARD","description":"La Fondation Indig\u00e8ne FSC est une fondation cr\u00e9\u00e9e pour apporter des solutions qui garantissent les droits des Autochtones et prot\u00e8gent leur territoire, leurs for\u00eats et leurs connaissances ancestrales.","publisher":{"@id":"https:\/\/www.fscindigenousfoundation.org\/fr\/#organization"},"potentialAction":[{"@type":"SearchAction","target":{"@type":"EntryPoint","urlTemplate":"https:\/\/www.fscindigenousfoundation.org\/fr\/?s={search_term_string}"},"query-input":{"@type":"PropertyValueSpecification","valueRequired":true,"valueName":"search_term_string"}}],"inLanguage":"fr-FR"},{"@type":"Organization","@id":"https:\/\/www.fscindigenousfoundation.org\/fr\/#organization","name":"FSC Indigenous Foundation","url":"https:\/\/www.fscindigenousfoundation.org\/fr\/","logo":{"@type":"ImageObject","inLanguage":"fr-FR","@id":"https:\/\/www.fscindigenousfoundation.org\/fr\/#\/schema\/logo\/image\/","url":"https:\/\/www.fscindigenousfoundation.org\/wp-content\/uploads\/2021\/09\/fsc-indigenous-foundation-color.png","contentUrl":"https:\/\/www.fscindigenousfoundation.org\/wp-content\/uploads\/2021\/09\/fsc-indigenous-foundation-color.png","width":657,"height":197,"caption":"FSC Indigenous Foundation"},"image":{"@id":"https:\/\/www.fscindigenousfoundation.org\/fr\/#\/schema\/logo\/image\/"},"sameAs":["https:\/\/www.facebook.com\/fscindigenousfoundation","https:\/\/x.com\/fsc_if","https:\/\/instagram.com\/fscindigenousfoundation"]}]}},"_links":{"self":[{"href":"https:\/\/www.fscindigenousfoundation.org\/fr\/wp-json\/wp\/v2\/pages\/7946","targetHints":{"allow":["GET"]}}],"collection":[{"href":"https:\/\/www.fscindigenousfoundation.org\/fr\/wp-json\/wp\/v2\/pages"}],"about":[{"href":"https:\/\/www.fscindigenousfoundation.org\/fr\/wp-json\/wp\/v2\/types\/page"}],"author":[{"embeddable":true,"href":"https:\/\/www.fscindigenousfoundation.org\/fr\/wp-json\/wp\/v2\/users\/3"}],"replies":[{"embeddable":true,"href":"https:\/\/www.fscindigenousfoundation.org\/fr\/wp-json\/wp\/v2\/comments?post=7946"}],"version-history":[{"count":12,"href":"https:\/\/www.fscindigenousfoundation.org\/fr\/wp-json\/wp\/v2\/pages\/7946\/revisions"}],"predecessor-version":[{"id":8565,"href":"https:\/\/www.fscindigenousfoundation.org\/fr\/wp-json\/wp\/v2\/pages\/7946\/revisions\/8565"}],"wp:featuredmedia":[{"embeddable":true,"href":"https:\/\/www.fscindigenousfoundation.org\/fr\/wp-json\/wp\/v2\/media\/7666"}],"wp:attachment":[{"href":"https:\/\/www.fscindigenousfoundation.org\/fr\/wp-json\/wp\/v2\/media?parent=7946"}],"curies":[{"name":"wp","href":"https:\/\/api.w.org\/{rel}","templated":true}]}}