{"id":7948,"date":"2022-12-02T17:43:33","date_gmt":"2022-12-02T22:43:33","guid":{"rendered":"https:\/\/www.fscindigenousfoundation.org\/eligibility-criteria-for-indigenous-fellowship-program\/"},"modified":"2023-02-13T16:10:30","modified_gmt":"2023-02-13T21:10:30","slug":"eligibility-criteria-for-indigenous-fellowship-program","status":"publish","type":"page","link":"https:\/\/www.fscindigenousfoundation.org\/es\/eligibility-criteria-for-indigenous-fellowship-program\/","title":{"rendered":"Criterios de elegibilidad para el Programa de Becas para los Pueblos Ind\u00edgenas"},"content":{"rendered":"\n<div class=\"wp-block-columns lm-col-site-with is-layout-flex wp-container-core-columns-is-layout-9d6595d7 wp-block-columns-is-layout-flex\">\n<div class=\"wp-block-column is-layout-flow wp-block-column-is-layout-flow\" style=\"flex-basis:100%\"><h1 class=\"has-text-align-center wp-block-post-title\">Criterios de elegibilidad para el Programa de Becas para los Pueblos Ind\u00edgenas<\/h1>\n\n<div class=\"wp-block-image\">\n<figure class=\"aligncenter size-full\"><img loading=\"lazy\" decoding=\"async\" width=\"1300\" height=\"811\" src=\"https:\/\/www.fscindigenousfoundation.org\/wp-content\/uploads\/2022\/12\/criterias.jpg\" alt=\"\" class=\"wp-image-7665\"\/><\/figure><\/div><\/div>\n<\/div>\n\n\n<section id=\"block_3f4ce8c989d7d7c5e31914fe462d32ff\" class=\"section generic-content \"  style=\"background-color: #ffffff;\" >\n  <div class=\"container\">\n    \n          <h2 class=\"section-header generic-content__header\">\n        La candidata o el candidato debe:      <\/h2>\n    \n          <div class=\"generic-content__simple\"><p>Las y los solicitantes deben cumplir todos los criterios de elegibilidad siguientes para ser tenidos en cuenta para la beca. La aprobaci\u00f3n de la formaci\u00f3n queda a discreci\u00f3n de la FSC-IF.<\/p>\n<ul>\n<li>Autoidentificarse como Ind\u00edgena<\/li>\n<li>Ser residente en pa\u00edses en desarrollo de Am\u00e9rica Latina, Asia y \u00c1frica<\/li>\n<li>Tener experiencia dirigiendo\/apoyando a Organizaciones de Pueblos Ind\u00edgenas<\/li>\n<li>Tener experiencia en el desarrollo y ejecuci\u00f3n de proyectos o iniciativas con comunidades de Pueblos Ind\u00edgenas<\/li>\n<li>Haber demostrado su compromiso con los derechos de los Pueblos Ind\u00edgenas y en \u00e1reas relacionadas con el autodesarrollo, el autogobierno y la autosuficiencia de los Ind\u00edgenas<\/li>\n<li>Tener inter\u00e9s en proyectos alineados con <a href=\"https:\/\/www.fscindigenousfoundation.org\/es\/ipard\/#objetivos-estrategicos\" target=\"_blank\" rel=\"noopener\">los tres objetivos de IPARD<\/a><\/li>\n<li>Tener un buen conocimiento del idioma que se habla en la organizaci\u00f3n en la que se desarrollar\u00e1 el programa (ingl\u00e9s, espa\u00f1ol, franc\u00e9s, portugu\u00e9s)<\/li>\n<\/ul>\n<\/div>\n    \n    \n      <\/div>\n<\/section>\n\n<section id=\"block_4a2b85c851d6b063f28bf97b249ac5ab\" class=\"section generic-content \"  style=\"background-color: #f0eeec;\" >\n  <div class=\"container\">\n    \n          <h4 class=\"section-header generic-content__header\">\n        Otras consideraciones      <\/h4>\n    \n    \n          <div class=\"generic-content__columns\">\n        <div class=\"generic-content__column\"><p><strong>Requisitos ling\u00fc\u00edsticos:<\/strong> los candidatos que se presenten al subprograma de j\u00f3venes profesionales podr\u00e1n hablar ingl\u00e9s o espa\u00f1ol.\u00a0 Para los candidatos que se presenten al subprograma de liderazgo y creaci\u00f3n de redes, la FSC-IF colocar\u00e1 a los becarios en pa\u00edses estrat\u00e9gicos seg\u00fan el idioma que hablen (espa\u00f1ol, ingl\u00e9s, franc\u00e9s o portugu\u00e9s), as\u00ed como otras variables. Para el subprograma de becas de capacidad Ind\u00edgena, el\/la candidato\/a deber\u00e1 buscar una oportunidad que se adapte a sus habilidades ling\u00fc\u00edsticas. Para el subprograma de desarrollo de negocios para j\u00f3venes, los candidatos podr\u00edan hablar ingl\u00e9s, espa\u00f1ol, franc\u00e9s o portugu\u00e9s.<\/p>\n<\/div>\n\n        <div class=\"generic-content__column\"><p><strong>Comprometerse, una vez finalizada la beca:<\/strong><\/p>\n<ul>\n<li>a compromiso de dos a\u00f1os de trabajo en el pa\u00eds<\/li>\n<li>participar y ser activo en una Red Global de Antiguos Alumnos Ind\u00edgenas con participaci\u00f3n peri\u00f3dica en eventos promovidos por IPARD, FSC-IF y USAID<\/li>\n<li>servir de l\u00edder en iniciativas Ind\u00edgenas locales\/nacionales o regionales y formar a otros Pueblos Ind\u00edgenas tras el regreso a sus respectivos pa\u00edses\/organizaciones<\/li>\n<li>apoyar activamente al menos uno de los tres objetivos del Programa IPARD en su pa\u00eds<\/li>\n<\/ul>\n<\/div>\n      <\/div>\n    \n      <\/div>\n<\/section>\n\n\n<p class=\"has-text-align-center has-background\" style=\"background-color:#f0eeec\"><a href=\"https:\/\/www.fscindigenousfoundation.org\/es\/indigenous-fellowship-program-of-the-fsc-indigenous-foundation\/\" target=\"_blank\" rel=\"noreferrer noopener\"><strong>Volver a la p\u00e1gina principal<\/strong><\/a><\/p>\n","protected":false},"excerpt":{"rendered":"<p>Applicants must meet all the following eligibility criteria to be considered for fellowship. Approval of training is up to the discretion of the FSC-IF.<\/p>\n","protected":false},"author":2,"featured_media":7668,"parent":0,"menu_order":0,"comment_status":"closed","ping_status":"closed","template":"","meta":{"footnotes":""},"class_list":["post-7948","page","type-page","status-publish","has-post-thumbnail","hentry"],"acf":[],"yoast_head":"<!-- This site is optimized with the Yoast SEO plugin v26.9 - https:\/\/yoast.com\/product\/yoast-seo-wordpress\/ -->\n<title>Criterios de elegibilidad para el Programa de Becas para los Pueblos Ind\u00edgenas - Fundaci\u00f3n Ind\u00edgena FSC<\/title>\n<meta name=\"robots\" content=\"index, follow, max-snippet:-1, max-image-preview:large, max-video-preview:-1\" \/>\n<link rel=\"canonical\" href=\"https:\/\/www.fscindigenousfoundation.org\/es\/eligibility-criteria-for-indigenous-fellowship-program\/\" \/>\n<meta property=\"og:locale\" content=\"es_ES\" \/>\n<meta property=\"og:type\" content=\"article\" \/>\n<meta property=\"og:title\" content=\"Criterios de elegibilidad para el Programa de Becas para los Pueblos Ind\u00edgenas - Fundaci\u00f3n Ind\u00edgena FSC\" \/>\n<meta property=\"og:description\" content=\"Applicants must meet all the following eligibility criteria to be considered for fellowship. Approval of training is up to the discretion of the FSC-IF.\" \/>\n<meta property=\"og:url\" content=\"https:\/\/www.fscindigenousfoundation.org\/es\/eligibility-criteria-for-indigenous-fellowship-program\/\" \/>\n<meta property=\"og:site_name\" content=\"Fundaci\u00f3n Ind\u00edgena FSC\" \/>\n<meta property=\"article:publisher\" content=\"https:\/\/www.facebook.com\/fscindigenousfoundation\" \/>\n<meta property=\"article:modified_time\" content=\"2023-02-13T21:10:30+00:00\" \/>\n<meta property=\"og:image\" content=\"http:\/\/www.fscindigenousfoundation.org\/wp-content\/uploads\/2022\/12\/criterias.jpg\" \/>\n\t<meta property=\"og:image:width\" content=\"1300\" \/>\n\t<meta property=\"og:image:height\" content=\"811\" \/>\n\t<meta property=\"og:image:type\" content=\"image\/jpeg\" \/>\n<meta name=\"twitter:card\" content=\"summary_large_image\" \/>\n<meta name=\"twitter:site\" content=\"@fsc_if\" \/>\n<meta name=\"twitter:label1\" content=\"Est. reading time\" \/>\n\t<meta name=\"twitter:data1\" content=\"1 minute\" \/>\n<script type=\"application\/ld+json\" class=\"yoast-schema-graph\">{\"@context\":\"https:\/\/schema.org\",\"@graph\":[{\"@type\":\"WebPage\",\"@id\":\"https:\/\/www.fscindigenousfoundation.org\/es\/eligibility-criteria-for-indigenous-fellowship-program\/\",\"url\":\"https:\/\/www.fscindigenousfoundation.org\/es\/eligibility-criteria-for-indigenous-fellowship-program\/\",\"name\":\"Criterios de elegibilidad para el Programa de Becas para los Pueblos Ind\u00edgenas - Fundaci\u00f3n Ind\u00edgena FSC\",\"isPartOf\":{\"@id\":\"https:\/\/www.fscindigenousfoundation.org\/es\/#website\"},\"primaryImageOfPage\":{\"@id\":\"https:\/\/www.fscindigenousfoundation.org\/es\/eligibility-criteria-for-indigenous-fellowship-program\/#primaryimage\"},\"image\":{\"@id\":\"https:\/\/www.fscindigenousfoundation.org\/es\/eligibility-criteria-for-indigenous-fellowship-program\/#primaryimage\"},\"thumbnailUrl\":\"https:\/\/www.fscindigenousfoundation.org\/wp-content\/uploads\/2022\/12\/criterias.jpg\",\"datePublished\":\"2022-12-02T22:43:33+00:00\",\"dateModified\":\"2023-02-13T21:10:30+00:00\",\"breadcrumb\":{\"@id\":\"https:\/\/www.fscindigenousfoundation.org\/es\/eligibility-criteria-for-indigenous-fellowship-program\/#breadcrumb\"},\"inLanguage\":\"es-ES\",\"potentialAction\":[{\"@type\":\"ReadAction\",\"target\":[\"https:\/\/www.fscindigenousfoundation.org\/es\/eligibility-criteria-for-indigenous-fellowship-program\/\"]}]},{\"@type\":\"ImageObject\",\"inLanguage\":\"es-ES\",\"@id\":\"https:\/\/www.fscindigenousfoundation.org\/es\/eligibility-criteria-for-indigenous-fellowship-program\/#primaryimage\",\"url\":\"https:\/\/www.fscindigenousfoundation.org\/wp-content\/uploads\/2022\/12\/criterias.jpg\",\"contentUrl\":\"https:\/\/www.fscindigenousfoundation.org\/wp-content\/uploads\/2022\/12\/criterias.jpg\",\"width\":1300,\"height\":811,\"caption\":\"FSC IF elegibility art for indigenous fellowship program\"},{\"@type\":\"BreadcrumbList\",\"@id\":\"https:\/\/www.fscindigenousfoundation.org\/es\/eligibility-criteria-for-indigenous-fellowship-program\/#breadcrumb\",\"itemListElement\":[{\"@type\":\"ListItem\",\"position\":1,\"name\":\"Home\",\"item\":\"https:\/\/www.fscindigenousfoundation.org\/es\/\"},{\"@type\":\"ListItem\",\"position\":2,\"name\":\"Criterios de elegibilidad para el Programa de Becas para los Pueblos Ind\u00edgenas\"}]},{\"@type\":\"WebSite\",\"@id\":\"https:\/\/www.fscindigenousfoundation.org\/es\/#website\",\"url\":\"https:\/\/www.fscindigenousfoundation.org\/es\/\",\"name\":\"IPARD\",\"description\":\"La Fundaci\u00f3n Ind\u00edgena FSC es una fundaci\u00f3n creada para proporcionar soluciones que garanticen los derechos ind\u00edgenas y proteger sus territorios, bosques y conocimiento ancestral.\",\"publisher\":{\"@id\":\"https:\/\/www.fscindigenousfoundation.org\/es\/#organization\"},\"potentialAction\":[{\"@type\":\"SearchAction\",\"target\":{\"@type\":\"EntryPoint\",\"urlTemplate\":\"https:\/\/www.fscindigenousfoundation.org\/es\/?s={search_term_string}\"},\"query-input\":{\"@type\":\"PropertyValueSpecification\",\"valueRequired\":true,\"valueName\":\"search_term_string\"}}],\"inLanguage\":\"es-ES\"},{\"@type\":\"Organization\",\"@id\":\"https:\/\/www.fscindigenousfoundation.org\/es\/#organization\",\"name\":\"FSC Indigenous Foundation\",\"url\":\"https:\/\/www.fscindigenousfoundation.org\/es\/\",\"logo\":{\"@type\":\"ImageObject\",\"inLanguage\":\"es-ES\",\"@id\":\"https:\/\/www.fscindigenousfoundation.org\/es\/#\/schema\/logo\/image\/\",\"url\":\"https:\/\/www.fscindigenousfoundation.org\/wp-content\/uploads\/2021\/09\/fsc-indigenous-foundation-color.png\",\"contentUrl\":\"https:\/\/www.fscindigenousfoundation.org\/wp-content\/uploads\/2021\/09\/fsc-indigenous-foundation-color.png\",\"width\":657,\"height\":197,\"caption\":\"FSC Indigenous Foundation\"},\"image\":{\"@id\":\"https:\/\/www.fscindigenousfoundation.org\/es\/#\/schema\/logo\/image\/\"},\"sameAs\":[\"https:\/\/www.facebook.com\/fscindigenousfoundation\",\"https:\/\/x.com\/fsc_if\",\"https:\/\/instagram.com\/fscindigenousfoundation\"]}]}<\/script>\n<!-- \/ Yoast SEO plugin. -->","yoast_head_json":{"title":"Criterios de elegibilidad para el Programa de Becas para los Pueblos Ind\u00edgenas - Fundaci\u00f3n Ind\u00edgena FSC","robots":{"index":"index","follow":"follow","max-snippet":"max-snippet:-1","max-image-preview":"max-image-preview:large","max-video-preview":"max-video-preview:-1"},"canonical":"https:\/\/www.fscindigenousfoundation.org\/es\/eligibility-criteria-for-indigenous-fellowship-program\/","og_locale":"es_ES","og_type":"article","og_title":"Criterios de elegibilidad para el Programa de Becas para los Pueblos Ind\u00edgenas - Fundaci\u00f3n Ind\u00edgena FSC","og_description":"Applicants must meet all the following eligibility criteria to be considered for fellowship. Approval of training is up to the discretion of the FSC-IF.","og_url":"https:\/\/www.fscindigenousfoundation.org\/es\/eligibility-criteria-for-indigenous-fellowship-program\/","og_site_name":"Fundaci\u00f3n Ind\u00edgena FSC","article_publisher":"https:\/\/www.facebook.com\/fscindigenousfoundation","article_modified_time":"2023-02-13T21:10:30+00:00","og_image":[{"width":1300,"height":811,"url":"http:\/\/www.fscindigenousfoundation.org\/wp-content\/uploads\/2022\/12\/criterias.jpg","type":"image\/jpeg"}],"twitter_card":"summary_large_image","twitter_site":"@fsc_if","twitter_misc":{"Est. reading time":"1 minute"},"schema":{"@context":"https:\/\/schema.org","@graph":[{"@type":"WebPage","@id":"https:\/\/www.fscindigenousfoundation.org\/es\/eligibility-criteria-for-indigenous-fellowship-program\/","url":"https:\/\/www.fscindigenousfoundation.org\/es\/eligibility-criteria-for-indigenous-fellowship-program\/","name":"Criterios de elegibilidad para el Programa de Becas para los Pueblos Ind\u00edgenas - Fundaci\u00f3n Ind\u00edgena FSC","isPartOf":{"@id":"https:\/\/www.fscindigenousfoundation.org\/es\/#website"},"primaryImageOfPage":{"@id":"https:\/\/www.fscindigenousfoundation.org\/es\/eligibility-criteria-for-indigenous-fellowship-program\/#primaryimage"},"image":{"@id":"https:\/\/www.fscindigenousfoundation.org\/es\/eligibility-criteria-for-indigenous-fellowship-program\/#primaryimage"},"thumbnailUrl":"https:\/\/www.fscindigenousfoundation.org\/wp-content\/uploads\/2022\/12\/criterias.jpg","datePublished":"2022-12-02T22:43:33+00:00","dateModified":"2023-02-13T21:10:30+00:00","breadcrumb":{"@id":"https:\/\/www.fscindigenousfoundation.org\/es\/eligibility-criteria-for-indigenous-fellowship-program\/#breadcrumb"},"inLanguage":"es-ES","potentialAction":[{"@type":"ReadAction","target":["https:\/\/www.fscindigenousfoundation.org\/es\/eligibility-criteria-for-indigenous-fellowship-program\/"]}]},{"@type":"ImageObject","inLanguage":"es-ES","@id":"https:\/\/www.fscindigenousfoundation.org\/es\/eligibility-criteria-for-indigenous-fellowship-program\/#primaryimage","url":"https:\/\/www.fscindigenousfoundation.org\/wp-content\/uploads\/2022\/12\/criterias.jpg","contentUrl":"https:\/\/www.fscindigenousfoundation.org\/wp-content\/uploads\/2022\/12\/criterias.jpg","width":1300,"height":811,"caption":"FSC IF elegibility art for indigenous fellowship program"},{"@type":"BreadcrumbList","@id":"https:\/\/www.fscindigenousfoundation.org\/es\/eligibility-criteria-for-indigenous-fellowship-program\/#breadcrumb","itemListElement":[{"@type":"ListItem","position":1,"name":"Home","item":"https:\/\/www.fscindigenousfoundation.org\/es\/"},{"@type":"ListItem","position":2,"name":"Criterios de elegibilidad para el Programa de Becas para los Pueblos Ind\u00edgenas"}]},{"@type":"WebSite","@id":"https:\/\/www.fscindigenousfoundation.org\/es\/#website","url":"https:\/\/www.fscindigenousfoundation.org\/es\/","name":"IPARD","description":"La Fundaci\u00f3n Ind\u00edgena FSC es una fundaci\u00f3n creada para proporcionar soluciones que garanticen los derechos ind\u00edgenas y proteger sus territorios, bosques y conocimiento ancestral.","publisher":{"@id":"https:\/\/www.fscindigenousfoundation.org\/es\/#organization"},"potentialAction":[{"@type":"SearchAction","target":{"@type":"EntryPoint","urlTemplate":"https:\/\/www.fscindigenousfoundation.org\/es\/?s={search_term_string}"},"query-input":{"@type":"PropertyValueSpecification","valueRequired":true,"valueName":"search_term_string"}}],"inLanguage":"es-ES"},{"@type":"Organization","@id":"https:\/\/www.fscindigenousfoundation.org\/es\/#organization","name":"FSC Indigenous Foundation","url":"https:\/\/www.fscindigenousfoundation.org\/es\/","logo":{"@type":"ImageObject","inLanguage":"es-ES","@id":"https:\/\/www.fscindigenousfoundation.org\/es\/#\/schema\/logo\/image\/","url":"https:\/\/www.fscindigenousfoundation.org\/wp-content\/uploads\/2021\/09\/fsc-indigenous-foundation-color.png","contentUrl":"https:\/\/www.fscindigenousfoundation.org\/wp-content\/uploads\/2021\/09\/fsc-indigenous-foundation-color.png","width":657,"height":197,"caption":"FSC Indigenous Foundation"},"image":{"@id":"https:\/\/www.fscindigenousfoundation.org\/es\/#\/schema\/logo\/image\/"},"sameAs":["https:\/\/www.facebook.com\/fscindigenousfoundation","https:\/\/x.com\/fsc_if","https:\/\/instagram.com\/fscindigenousfoundation"]}]}},"_links":{"self":[{"href":"https:\/\/www.fscindigenousfoundation.org\/es\/wp-json\/wp\/v2\/pages\/7948","targetHints":{"allow":["GET"]}}],"collection":[{"href":"https:\/\/www.fscindigenousfoundation.org\/es\/wp-json\/wp\/v2\/pages"}],"about":[{"href":"https:\/\/www.fscindigenousfoundation.org\/es\/wp-json\/wp\/v2\/types\/page"}],"author":[{"embeddable":true,"href":"https:\/\/www.fscindigenousfoundation.org\/es\/wp-json\/wp\/v2\/users\/2"}],"replies":[{"embeddable":true,"href":"https:\/\/www.fscindigenousfoundation.org\/es\/wp-json\/wp\/v2\/comments?post=7948"}],"version-history":[{"count":13,"href":"https:\/\/www.fscindigenousfoundation.org\/es\/wp-json\/wp\/v2\/pages\/7948\/revisions"}],"predecessor-version":[{"id":8570,"href":"https:\/\/www.fscindigenousfoundation.org\/es\/wp-json\/wp\/v2\/pages\/7948\/revisions\/8570"}],"wp:featuredmedia":[{"embeddable":true,"href":"https:\/\/www.fscindigenousfoundation.org\/es\/wp-json\/wp\/v2\/media\/7668"}],"wp:attachment":[{"href":"https:\/\/www.fscindigenousfoundation.org\/es\/wp-json\/wp\/v2\/media?parent=7948"}],"curies":[{"name":"wp","href":"https:\/\/api.w.org\/{rel}","templated":true}]}}